{"id":39,"date":"2024-04-18T08:27:04","date_gmt":"2024-04-18T08:27:04","guid":{"rendered":"https:\/\/dsd.ghost.uem.mz\/?page_id=39"},"modified":"2024-04-18T08:27:04","modified_gmt":"2024-04-18T08:27:04","slug":"sobre-a-dsd","status":"publish","type":"page","link":"https:\/\/dsd.uem.mz\/?page_id=39","title":{"rendered":"Sobre a DSD"},"content":{"rendered":"\t\t<div data-elementor-type=\"wp-page\" data-elementor-id=\"39\" class=\"elementor elementor-39\">\n\t\t\t\t<div class=\"elementor-element elementor-element-1c3e7b0 e-flex e-con-boxed e-con e-parent\" data-id=\"1c3e7b0\" data-element_type=\"container\" data-e-type=\"container\">\n\t\t\t\t\t<div class=\"e-con-inner\">\n\t\t\t\t<div class=\"elementor-element elementor-element-4d4db49 elementor-widget elementor-widget-image\" data-id=\"4d4db49\" data-element_type=\"widget\" data-e-type=\"widget\" data-widget_type=\"image.default\">\n\t\t\t\t\t\t\t\t\t\t\t\t\t\t\t<img fetchpriority=\"high\" decoding=\"async\" width=\"2560\" height=\"699\" src=\"https:\/\/dsd.uem.mz\/wp-content\/uploads\/2024\/05\/20240405152425_Page_12-scaled-1.jpg\" class=\"attachment-full size-full wp-image-96\" alt=\"\" srcset=\"https:\/\/dsd.uem.mz\/wp-content\/uploads\/2024\/05\/20240405152425_Page_12-scaled-1.jpg 2560w, https:\/\/dsd.uem.mz\/wp-content\/uploads\/2024\/05\/20240405152425_Page_12-scaled-1-300x82.jpg 300w, https:\/\/dsd.uem.mz\/wp-content\/uploads\/2024\/05\/20240405152425_Page_12-scaled-1-1024x280.jpg 1024w, https:\/\/dsd.uem.mz\/wp-content\/uploads\/2024\/05\/20240405152425_Page_12-scaled-1-768x210.jpg 768w, https:\/\/dsd.uem.mz\/wp-content\/uploads\/2024\/05\/20240405152425_Page_12-scaled-1-1536x419.jpg 1536w, https:\/\/dsd.uem.mz\/wp-content\/uploads\/2024\/05\/20240405152425_Page_12-scaled-1-2048x559.jpg 2048w\" sizes=\"(max-width: 2560px) 100vw, 2560px\" \/>\t\t\t\t\t\t\t\t\t\t\t\t\t\t\t<\/div>\n\t\t\t\t\t<\/div>\n\t\t\t\t<\/div>\n\t\t<div class=\"elementor-element elementor-element-b2acd4b e-flex e-con-boxed e-con e-parent\" data-id=\"b2acd4b\" data-element_type=\"container\" data-e-type=\"container\">\n\t\t\t\t\t<div class=\"e-con-inner\">\n\t\t\t\t<div class=\"elementor-element elementor-element-5b0ce47 elementor-position-left elementor-widget__width-initial elementor-vertical-align-top elementor-widget elementor-widget-image-box\" data-id=\"5b0ce47\" data-element_type=\"widget\" data-e-type=\"widget\" data-widget_type=\"image-box.default\">\n\t\t\t\t\t<div class=\"elementor-image-box-wrapper\"><figure class=\"elementor-image-box-img\"><img decoding=\"async\" width=\"768\" height=\"443\" src=\"https:\/\/dsd.uem.mz\/wp-content\/uploads\/2024\/05\/im2-scaled-1-768x443.jpg\" class=\"attachment-medium_large size-medium_large wp-image-101\" alt=\"\" srcset=\"https:\/\/dsd.uem.mz\/wp-content\/uploads\/2024\/05\/im2-scaled-1-768x443.jpg 768w, https:\/\/dsd.uem.mz\/wp-content\/uploads\/2024\/05\/im2-scaled-1-300x173.jpg 300w, https:\/\/dsd.uem.mz\/wp-content\/uploads\/2024\/05\/im2-scaled-1-1024x590.jpg 1024w, https:\/\/dsd.uem.mz\/wp-content\/uploads\/2024\/05\/im2-scaled-1-1536x886.jpg 1536w, https:\/\/dsd.uem.mz\/wp-content\/uploads\/2024\/05\/im2-scaled-1-2048x1181.jpg 2048w\" sizes=\"(max-width: 768px) 100vw, 768px\" \/><\/figure><div class=\"elementor-image-box-content\"><h3 class=\"elementor-image-box-title\">Miss\u00e3o<\/h3><p class=\"elementor-image-box-description\">Garantir a disponibilidade de recursos de informa\u00e7\u00e3o relevantes  para o ensino, investiga\u00e7\u00e3o, extens\u00e3o e inova\u00e7\u00e3o para a comunidade universit\u00e1ria da UEM, em particular, e para a sociedade em geral.\n<\/p><\/div><\/div>\t\t\t\t<\/div>\n\t\t\t\t\t<\/div>\n\t\t\t\t<\/div>\n\t\t<div class=\"elementor-element elementor-element-44e8b45 e-flex e-con-boxed e-con e-parent\" data-id=\"44e8b45\" data-element_type=\"container\" data-e-type=\"container\">\n\t\t\t\t\t<div class=\"e-con-inner\">\n\t\t\t\t<div class=\"elementor-element elementor-element-d7b4e41 elementor-position-right elementor-vertical-align-top elementor-widget elementor-widget-image-box\" data-id=\"d7b4e41\" data-element_type=\"widget\" data-e-type=\"widget\" data-widget_type=\"image-box.default\">\n\t\t\t\t\t<div class=\"elementor-image-box-wrapper\"><figure class=\"elementor-image-box-img\"><img decoding=\"async\" width=\"300\" height=\"187\" src=\"https:\/\/dsd.uem.mz\/wp-content\/uploads\/2024\/05\/im4-scaled-1-300x187.jpg\" class=\"attachment-medium size-medium wp-image-103\" alt=\"\" srcset=\"https:\/\/dsd.uem.mz\/wp-content\/uploads\/2024\/05\/im4-scaled-1-300x187.jpg 300w, https:\/\/dsd.uem.mz\/wp-content\/uploads\/2024\/05\/im4-scaled-1-1024x637.jpg 1024w, https:\/\/dsd.uem.mz\/wp-content\/uploads\/2024\/05\/im4-scaled-1-768x478.jpg 768w, https:\/\/dsd.uem.mz\/wp-content\/uploads\/2024\/05\/im4-scaled-1-1536x956.jpg 1536w, https:\/\/dsd.uem.mz\/wp-content\/uploads\/2024\/05\/im4-scaled-1-2048x1274.jpg 2048w\" sizes=\"(max-width: 300px) 100vw, 300px\" \/><\/figure><div class=\"elementor-image-box-content\"><h3 class=\"elementor-image-box-title\">Vis\u00e3o<\/h3><p class=\"elementor-image-box-description\">Ser um polo de refer\u00eancia em informa\u00e7\u00e3o t\u00e9cnico-cient\u00edfica no pa\u00eds e na regi\u00e3o<\/p><\/div><\/div>\t\t\t\t<\/div>\n\t\t\t\t\t<\/div>\n\t\t\t\t<\/div>\n\t\t\t\t<\/div>\n\t\t","protected":false},"excerpt":{"rendered":"<p>Miss\u00e3o Garantir a disponibilidade de recursos de informa\u00e7\u00e3o relevantes para o ensino, investiga\u00e7\u00e3o, extens\u00e3o e inova\u00e7\u00e3o para a comunidade universit\u00e1ria [&hellip;]<\/p>\n","protected":false},"author":1,"featured_media":0,"parent":0,"menu_order":0,"comment_status":"closed","ping_status":"closed","template":"","meta":{"site-sidebar-layout":"no-sidebar","site-content-layout":"","ast-site-content-layout":"full-width-container","site-content-style":"default","site-sidebar-style":"default","ast-global-header-display":"","ast-banner-title-visibility":"","ast-main-header-display":"","ast-hfb-above-header-display":"","ast-hfb-below-header-display":"","ast-hfb-mobile-header-display":"","site-post-title":"disabled","ast-breadcrumbs-content":"","ast-featured-img":"disabled","footer-sml-layout":"","ast-disable-related-posts":"","theme-transparent-header-meta":"","adv-header-id-meta":"","stick-header-meta":"","header-above-stick-meta":"","header-main-stick-meta":"","header-below-stick-meta":"","astra-migrate-meta-layouts":"default","ast-page-background-enabled":"default","ast-page-background-meta":{"desktop":{"background-color":"var(--ast-global-color-5)","background-image":"","background-repeat":"repeat","background-position":"center center","background-size":"auto","background-attachment":"scroll","background-type":"","background-media":"","overlay-type":"","overlay-color":"","overlay-opacity":"","overlay-gradient":""},"tablet":{"background-color":"","background-image":"","background-repeat":"repeat","background-position":"center center","background-size":"auto","background-attachment":"scroll","background-type":"","background-media":"","overlay-type":"","overlay-color":"","overlay-opacity":"","overlay-gradient":""},"mobile":{"background-color":"","background-image":"","background-repeat":"repeat","background-position":"center center","background-size":"auto","background-attachment":"scroll","background-type":"","background-media":"","overlay-type":"","overlay-color":"","overlay-opacity":"","overlay-gradient":""}},"ast-content-background-meta":{"desktop":{"background-color":"var(--ast-global-color-4)","background-image":"","background-repeat":"repeat","background-position":"center center","background-size":"auto","background-attachment":"scroll","background-type":"","background-media":"","overlay-type":"","overlay-color":"","overlay-opacity":"","overlay-gradient":""},"tablet":{"background-color":"var(--ast-global-color-4)","background-image":"","background-repeat":"repeat","background-position":"center center","background-size":"auto","background-attachment":"scroll","background-type":"","background-media":"","overlay-type":"","overlay-color":"","overlay-opacity":"","overlay-gradient":""},"mobile":{"background-color":"var(--ast-global-color-4)","background-image":"","background-repeat":"repeat","background-position":"center center","background-size":"auto","background-attachment":"scroll","background-type":"","background-media":"","overlay-type":"","overlay-color":"","overlay-opacity":"","overlay-gradient":""}},"footnotes":""},"class_list":["post-39","page","type-page","status-publish","hentry"],"_links":{"self":[{"href":"https:\/\/dsd.uem.mz\/index.php?rest_route=\/wp\/v2\/pages\/39","targetHints":{"allow":["GET"]}}],"collection":[{"href":"https:\/\/dsd.uem.mz\/index.php?rest_route=\/wp\/v2\/pages"}],"about":[{"href":"https:\/\/dsd.uem.mz\/index.php?rest_route=\/wp\/v2\/types\/page"}],"author":[{"embeddable":true,"href":"https:\/\/dsd.uem.mz\/index.php?rest_route=\/wp\/v2\/users\/1"}],"replies":[{"embeddable":true,"href":"https:\/\/dsd.uem.mz\/index.php?rest_route=%2Fwp%2Fv2%2Fcomments&post=39"}],"version-history":[{"count":0,"href":"https:\/\/dsd.uem.mz\/index.php?rest_route=\/wp\/v2\/pages\/39\/revisions"}],"wp:attachment":[{"href":"https:\/\/dsd.uem.mz\/index.php?rest_route=%2Fwp%2Fv2%2Fmedia&parent=39"}],"curies":[{"name":"wp","href":"https:\/\/api.w.org\/{rel}","templated":true}]}}