{"id":215,"date":"2024-05-04T13:55:54","date_gmt":"2024-05-04T13:55:54","guid":{"rendered":"https:\/\/dsd.ghost.uem.mz\/?page_id=215"},"modified":"2024-05-04T13:55:54","modified_gmt":"2024-05-04T13:55:54","slug":"espacos","status":"publish","type":"page","link":"https:\/\/dsd.uem.mz\/?page_id=215","title":{"rendered":"Espa\u00e7os"},"content":{"rendered":"\t\t<div data-elementor-type=\"wp-page\" data-elementor-id=\"215\" class=\"elementor elementor-215\">\n\t\t\t\t<div class=\"elementor-element elementor-element-15a08bf e-flex e-con-boxed e-con e-parent\" data-id=\"15a08bf\" data-element_type=\"container\" data-e-type=\"container\">\n\t\t\t\t\t<div class=\"e-con-inner\">\n\t\t\t\t<div class=\"elementor-element elementor-element-ee941e1 elementor-widget elementor-widget-image\" data-id=\"ee941e1\" data-element_type=\"widget\" data-e-type=\"widget\" data-widget_type=\"image.default\">\n\t\t\t\t\t\t\t\t\t\t\t\t\t\t\t<img fetchpriority=\"high\" decoding=\"async\" width=\"2560\" height=\"699\" src=\"https:\/\/dsd.uem.mz\/wp-content\/uploads\/2024\/05\/20240405152425_Page_12-scaled-1.jpg\" class=\"attachment-full size-full wp-image-96\" alt=\"\" srcset=\"https:\/\/dsd.uem.mz\/wp-content\/uploads\/2024\/05\/20240405152425_Page_12-scaled-1.jpg 2560w, https:\/\/dsd.uem.mz\/wp-content\/uploads\/2024\/05\/20240405152425_Page_12-scaled-1-300x82.jpg 300w, https:\/\/dsd.uem.mz\/wp-content\/uploads\/2024\/05\/20240405152425_Page_12-scaled-1-1024x280.jpg 1024w, https:\/\/dsd.uem.mz\/wp-content\/uploads\/2024\/05\/20240405152425_Page_12-scaled-1-768x210.jpg 768w, https:\/\/dsd.uem.mz\/wp-content\/uploads\/2024\/05\/20240405152425_Page_12-scaled-1-1536x419.jpg 1536w, https:\/\/dsd.uem.mz\/wp-content\/uploads\/2024\/05\/20240405152425_Page_12-scaled-1-2048x559.jpg 2048w\" sizes=\"(max-width: 2560px) 100vw, 2560px\" \/>\t\t\t\t\t\t\t\t\t\t\t\t\t\t\t<\/div>\n\t\t\t\t\t<\/div>\n\t\t\t\t<\/div>\n\t\t<div class=\"elementor-element elementor-element-83f2a5b e-grid e-con-boxed e-con e-parent\" data-id=\"83f2a5b\" data-element_type=\"container\" data-e-type=\"container\">\n\t\t\t\t\t<div class=\"e-con-inner\">\n\t\t\t\t<div class=\"elementor-element elementor-element-1255ccb elementor-position-top elementor-widget elementor-widget-image-box\" data-id=\"1255ccb\" data-element_type=\"widget\" data-e-type=\"widget\" data-widget_type=\"image-box.default\">\n\t\t\t\t\t<div class=\"elementor-image-box-wrapper\"><figure class=\"elementor-image-box-img\"><img decoding=\"async\" width=\"1754\" height=\"2481\" src=\"https:\/\/dsd.uem.mz\/wp-content\/uploads\/2024\/04\/Logo-UEM-A3-01.png\" class=\"attachment-full size-full wp-image-15\" alt=\"\" srcset=\"https:\/\/dsd.uem.mz\/wp-content\/uploads\/2024\/04\/Logo-UEM-A3-01.png 1754w, https:\/\/dsd.uem.mz\/wp-content\/uploads\/2024\/04\/Logo-UEM-A3-01-212x300.png 212w, https:\/\/dsd.uem.mz\/wp-content\/uploads\/2024\/04\/Logo-UEM-A3-01-724x1024.png 724w, https:\/\/dsd.uem.mz\/wp-content\/uploads\/2024\/04\/Logo-UEM-A3-01-768x1086.png 768w, https:\/\/dsd.uem.mz\/wp-content\/uploads\/2024\/04\/Logo-UEM-A3-01-1086x1536.png 1086w, https:\/\/dsd.uem.mz\/wp-content\/uploads\/2024\/04\/Logo-UEM-A3-01-1448x2048.png 1448w\" sizes=\"(max-width: 1754px) 100vw, 1754px\" \/><\/figure><div class=\"elementor-image-box-content\"><h3 class=\"elementor-image-box-title\">Sala Braille<\/h3><\/div><\/div>\t\t\t\t<\/div>\n\t\t\t\t<div class=\"elementor-element elementor-element-26353bb elementor-position-top elementor-widget elementor-widget-image-box\" data-id=\"26353bb\" data-element_type=\"widget\" data-e-type=\"widget\" data-widget_type=\"image-box.default\">\n\t\t\t\t\t<div class=\"elementor-image-box-wrapper\"><figure class=\"elementor-image-box-img\"><img decoding=\"async\" width=\"1754\" height=\"2481\" src=\"https:\/\/dsd.uem.mz\/wp-content\/uploads\/2024\/04\/Logo-UEM-A3-01.png\" class=\"attachment-full size-full wp-image-15\" alt=\"\" srcset=\"https:\/\/dsd.uem.mz\/wp-content\/uploads\/2024\/04\/Logo-UEM-A3-01.png 1754w, https:\/\/dsd.uem.mz\/wp-content\/uploads\/2024\/04\/Logo-UEM-A3-01-212x300.png 212w, https:\/\/dsd.uem.mz\/wp-content\/uploads\/2024\/04\/Logo-UEM-A3-01-724x1024.png 724w, https:\/\/dsd.uem.mz\/wp-content\/uploads\/2024\/04\/Logo-UEM-A3-01-768x1086.png 768w, https:\/\/dsd.uem.mz\/wp-content\/uploads\/2024\/04\/Logo-UEM-A3-01-1086x1536.png 1086w, https:\/\/dsd.uem.mz\/wp-content\/uploads\/2024\/04\/Logo-UEM-A3-01-1448x2048.png 1448w\" sizes=\"(max-width: 1754px) 100vw, 1754px\" \/><\/figure><div class=\"elementor-image-box-content\"><h3 class=\"elementor-image-box-title\">Salas de Estudos em Grupo<\/h3><\/div><\/div>\t\t\t\t<\/div>\n\t\t\t\t<div class=\"elementor-element elementor-element-06ff52c elementor-position-top elementor-widget elementor-widget-image-box\" data-id=\"06ff52c\" data-element_type=\"widget\" data-e-type=\"widget\" data-widget_type=\"image-box.default\">\n\t\t\t\t\t<div class=\"elementor-image-box-wrapper\"><figure class=\"elementor-image-box-img\"><img decoding=\"async\" width=\"1754\" height=\"2481\" src=\"https:\/\/dsd.uem.mz\/wp-content\/uploads\/2024\/04\/Logo-UEM-A3-01.png\" class=\"attachment-full size-full wp-image-15\" alt=\"\" srcset=\"https:\/\/dsd.uem.mz\/wp-content\/uploads\/2024\/04\/Logo-UEM-A3-01.png 1754w, https:\/\/dsd.uem.mz\/wp-content\/uploads\/2024\/04\/Logo-UEM-A3-01-212x300.png 212w, https:\/\/dsd.uem.mz\/wp-content\/uploads\/2024\/04\/Logo-UEM-A3-01-724x1024.png 724w, https:\/\/dsd.uem.mz\/wp-content\/uploads\/2024\/04\/Logo-UEM-A3-01-768x1086.png 768w, https:\/\/dsd.uem.mz\/wp-content\/uploads\/2024\/04\/Logo-UEM-A3-01-1086x1536.png 1086w, https:\/\/dsd.uem.mz\/wp-content\/uploads\/2024\/04\/Logo-UEM-A3-01-1448x2048.png 1448w\" sizes=\"(max-width: 1754px) 100vw, 1754px\" \/><\/figure><div class=\"elementor-image-box-content\"><h3 class=\"elementor-image-box-title\">Salas de Leitura<\/h3><\/div><\/div>\t\t\t\t<\/div>\n\t\t\t\t<div class=\"elementor-element elementor-element-21c79a1 elementor-position-top elementor-widget elementor-widget-image-box\" data-id=\"21c79a1\" data-element_type=\"widget\" data-e-type=\"widget\" data-widget_type=\"image-box.default\">\n\t\t\t\t\t<div class=\"elementor-image-box-wrapper\"><figure class=\"elementor-image-box-img\"><img decoding=\"async\" width=\"1754\" height=\"2481\" src=\"https:\/\/dsd.uem.mz\/wp-content\/uploads\/2024\/04\/Logo-UEM-A3-01.png\" class=\"attachment-full size-full wp-image-15\" alt=\"\" srcset=\"https:\/\/dsd.uem.mz\/wp-content\/uploads\/2024\/04\/Logo-UEM-A3-01.png 1754w, https:\/\/dsd.uem.mz\/wp-content\/uploads\/2024\/04\/Logo-UEM-A3-01-212x300.png 212w, https:\/\/dsd.uem.mz\/wp-content\/uploads\/2024\/04\/Logo-UEM-A3-01-724x1024.png 724w, https:\/\/dsd.uem.mz\/wp-content\/uploads\/2024\/04\/Logo-UEM-A3-01-768x1086.png 768w, https:\/\/dsd.uem.mz\/wp-content\/uploads\/2024\/04\/Logo-UEM-A3-01-1086x1536.png 1086w, https:\/\/dsd.uem.mz\/wp-content\/uploads\/2024\/04\/Logo-UEM-A3-01-1448x2048.png 1448w\" sizes=\"(max-width: 1754px) 100vw, 1754px\" \/><\/figure><div class=\"elementor-image-box-content\"><h3 class=\"elementor-image-box-title\">Sala de Inform\u00e1tica<\/h3><\/div><\/div>\t\t\t\t<\/div>\n\t\t\t\t<div class=\"elementor-element elementor-element-52219bd elementor-position-top elementor-widget elementor-widget-image-box\" data-id=\"52219bd\" data-element_type=\"widget\" data-e-type=\"widget\" data-widget_type=\"image-box.default\">\n\t\t\t\t\t<div class=\"elementor-image-box-wrapper\"><figure class=\"elementor-image-box-img\"><img decoding=\"async\" width=\"1754\" height=\"2481\" src=\"https:\/\/dsd.uem.mz\/wp-content\/uploads\/2024\/04\/Logo-UEM-A3-01.png\" class=\"attachment-full size-full wp-image-15\" alt=\"\" srcset=\"https:\/\/dsd.uem.mz\/wp-content\/uploads\/2024\/04\/Logo-UEM-A3-01.png 1754w, https:\/\/dsd.uem.mz\/wp-content\/uploads\/2024\/04\/Logo-UEM-A3-01-212x300.png 212w, https:\/\/dsd.uem.mz\/wp-content\/uploads\/2024\/04\/Logo-UEM-A3-01-724x1024.png 724w, https:\/\/dsd.uem.mz\/wp-content\/uploads\/2024\/04\/Logo-UEM-A3-01-768x1086.png 768w, https:\/\/dsd.uem.mz\/wp-content\/uploads\/2024\/04\/Logo-UEM-A3-01-1086x1536.png 1086w, https:\/\/dsd.uem.mz\/wp-content\/uploads\/2024\/04\/Logo-UEM-A3-01-1448x2048.png 1448w\" sizes=\"(max-width: 1754px) 100vw, 1754px\" \/><\/figure><div class=\"elementor-image-box-content\"><h3 class=\"elementor-image-box-title\">Espa\u00e7o Eduardo Mondlane<\/h3><\/div><\/div>\t\t\t\t<\/div>\n\t\t\t\t<div class=\"elementor-element elementor-element-450c0c6 elementor-position-top elementor-widget elementor-widget-image-box\" data-id=\"450c0c6\" data-element_type=\"widget\" data-e-type=\"widget\" data-widget_type=\"image-box.default\">\n\t\t\t\t\t<div class=\"elementor-image-box-wrapper\"><figure class=\"elementor-image-box-img\"><img decoding=\"async\" width=\"1754\" height=\"2481\" src=\"https:\/\/dsd.uem.mz\/wp-content\/uploads\/2024\/04\/Logo-UEM-A3-01.png\" class=\"attachment-full size-full wp-image-15\" alt=\"\" srcset=\"https:\/\/dsd.uem.mz\/wp-content\/uploads\/2024\/04\/Logo-UEM-A3-01.png 1754w, https:\/\/dsd.uem.mz\/wp-content\/uploads\/2024\/04\/Logo-UEM-A3-01-212x300.png 212w, https:\/\/dsd.uem.mz\/wp-content\/uploads\/2024\/04\/Logo-UEM-A3-01-724x1024.png 724w, https:\/\/dsd.uem.mz\/wp-content\/uploads\/2024\/04\/Logo-UEM-A3-01-768x1086.png 768w, https:\/\/dsd.uem.mz\/wp-content\/uploads\/2024\/04\/Logo-UEM-A3-01-1086x1536.png 1086w, https:\/\/dsd.uem.mz\/wp-content\/uploads\/2024\/04\/Logo-UEM-A3-01-1448x2048.png 1448w\" sizes=\"(max-width: 1754px) 100vw, 1754px\" \/><\/figure><div class=\"elementor-image-box-content\"><h3 class=\"elementor-image-box-title\">Espa\u00e7o Aquino de Bragan\u00e7a<\/h3><\/div><\/div>\t\t\t\t<\/div>\n\t\t\t\t<div class=\"elementor-element elementor-element-ad91f6e elementor-position-top elementor-widget elementor-widget-image-box\" data-id=\"ad91f6e\" data-element_type=\"widget\" data-e-type=\"widget\" data-widget_type=\"image-box.default\">\n\t\t\t\t\t<div class=\"elementor-image-box-wrapper\"><figure class=\"elementor-image-box-img\"><img decoding=\"async\" width=\"1754\" height=\"2481\" src=\"https:\/\/dsd.uem.mz\/wp-content\/uploads\/2024\/04\/Logo-UEM-A3-01.png\" class=\"attachment-full size-full wp-image-15\" alt=\"\" srcset=\"https:\/\/dsd.uem.mz\/wp-content\/uploads\/2024\/04\/Logo-UEM-A3-01.png 1754w, https:\/\/dsd.uem.mz\/wp-content\/uploads\/2024\/04\/Logo-UEM-A3-01-212x300.png 212w, https:\/\/dsd.uem.mz\/wp-content\/uploads\/2024\/04\/Logo-UEM-A3-01-724x1024.png 724w, https:\/\/dsd.uem.mz\/wp-content\/uploads\/2024\/04\/Logo-UEM-A3-01-768x1086.png 768w, https:\/\/dsd.uem.mz\/wp-content\/uploads\/2024\/04\/Logo-UEM-A3-01-1086x1536.png 1086w, https:\/\/dsd.uem.mz\/wp-content\/uploads\/2024\/04\/Logo-UEM-A3-01-1448x2048.png 1448w\" sizes=\"(max-width: 1754px) 100vw, 1754px\" \/><\/figure><div class=\"elementor-image-box-content\"><h3 class=\"elementor-image-box-title\">Autid\u00f3rio<\/h3><\/div><\/div>\t\t\t\t<\/div>\n\t\t\t\t<div class=\"elementor-element elementor-element-f3291de elementor-position-top elementor-widget elementor-widget-image-box\" data-id=\"f3291de\" data-element_type=\"widget\" data-e-type=\"widget\" data-widget_type=\"image-box.default\">\n\t\t\t\t\t<div class=\"elementor-image-box-wrapper\"><figure class=\"elementor-image-box-img\"><img decoding=\"async\" width=\"1754\" height=\"2481\" src=\"https:\/\/dsd.uem.mz\/wp-content\/uploads\/2024\/04\/Logo-UEM-A3-01.png\" class=\"attachment-full size-full wp-image-15\" alt=\"\" srcset=\"https:\/\/dsd.uem.mz\/wp-content\/uploads\/2024\/04\/Logo-UEM-A3-01.png 1754w, https:\/\/dsd.uem.mz\/wp-content\/uploads\/2024\/04\/Logo-UEM-A3-01-212x300.png 212w, https:\/\/dsd.uem.mz\/wp-content\/uploads\/2024\/04\/Logo-UEM-A3-01-724x1024.png 724w, https:\/\/dsd.uem.mz\/wp-content\/uploads\/2024\/04\/Logo-UEM-A3-01-768x1086.png 768w, https:\/\/dsd.uem.mz\/wp-content\/uploads\/2024\/04\/Logo-UEM-A3-01-1086x1536.png 1086w, https:\/\/dsd.uem.mz\/wp-content\/uploads\/2024\/04\/Logo-UEM-A3-01-1448x2048.png 1448w\" sizes=\"(max-width: 1754px) 100vw, 1754px\" \/><\/figure><div class=\"elementor-image-box-content\"><h3 class=\"elementor-image-box-title\">Sala de Colec\u00e7\u00f5es Especiais Wanda do Amaral<\/h3><\/div><\/div>\t\t\t\t<\/div>\n\t\t\t\t<div class=\"elementor-element elementor-element-d2ae34e elementor-position-top elementor-widget elementor-widget-image-box\" data-id=\"d2ae34e\" data-element_type=\"widget\" data-e-type=\"widget\" data-widget_type=\"image-box.default\">\n\t\t\t\t\t<div class=\"elementor-image-box-wrapper\"><figure class=\"elementor-image-box-img\"><img decoding=\"async\" width=\"1754\" height=\"2481\" src=\"https:\/\/dsd.uem.mz\/wp-content\/uploads\/2024\/04\/Logo-UEM-A3-01.png\" class=\"attachment-full size-full wp-image-15\" alt=\"\" srcset=\"https:\/\/dsd.uem.mz\/wp-content\/uploads\/2024\/04\/Logo-UEM-A3-01.png 1754w, https:\/\/dsd.uem.mz\/wp-content\/uploads\/2024\/04\/Logo-UEM-A3-01-212x300.png 212w, https:\/\/dsd.uem.mz\/wp-content\/uploads\/2024\/04\/Logo-UEM-A3-01-724x1024.png 724w, https:\/\/dsd.uem.mz\/wp-content\/uploads\/2024\/04\/Logo-UEM-A3-01-768x1086.png 768w, https:\/\/dsd.uem.mz\/wp-content\/uploads\/2024\/04\/Logo-UEM-A3-01-1086x1536.png 1086w, https:\/\/dsd.uem.mz\/wp-content\/uploads\/2024\/04\/Logo-UEM-A3-01-1448x2048.png 1448w\" sizes=\"(max-width: 1754px) 100vw, 1754px\" \/><\/figure><div class=\"elementor-image-box-content\"><h3 class=\"elementor-image-box-title\">Espa\u00e7o para Exposi\u00e7\u00f5es<\/h3><\/div><\/div>\t\t\t\t<\/div>\n\t\t\t\t\t<\/div>\n\t\t\t\t<\/div>\n\t\t<div class=\"elementor-element elementor-element-639deb9 e-grid e-con-boxed e-con e-parent\" data-id=\"639deb9\" data-element_type=\"container\" data-e-type=\"container\">\n\t\t\t\t\t<div class=\"e-con-inner\">\n\t\t\t\t\t<\/div>\n\t\t\t\t<\/div>\n\t\t\t\t<\/div>\n\t\t","protected":false},"excerpt":{"rendered":"<p>Sala Braille Salas de Estudos em Grupo Salas de Leitura Sala de Inform\u00e1tica Espa\u00e7o Eduardo Mondlane Espa\u00e7o Aquino de Bragan\u00e7a [&hellip;]<\/p>\n","protected":false},"author":1,"featured_media":0,"parent":0,"menu_order":0,"comment_status":"closed","ping_status":"closed","template":"","meta":{"site-sidebar-layout":"no-sidebar","site-content-layout":"","ast-site-content-layout":"full-width-container","site-content-style":"default","site-sidebar-style":"default","ast-global-header-display":"","ast-banner-title-visibility":"","ast-main-header-display":"","ast-hfb-above-header-display":"","ast-hfb-below-header-display":"","ast-hfb-mobile-header-display":"","site-post-title":"disabled","ast-breadcrumbs-content":"","ast-featured-img":"disabled","footer-sml-layout":"","ast-disable-related-posts":"","theme-transparent-header-meta":"","adv-header-id-meta":"","stick-header-meta":"","header-above-stick-meta":"","header-main-stick-meta":"","header-below-stick-meta":"","astra-migrate-meta-layouts":"default","ast-page-background-enabled":"default","ast-page-background-meta":{"desktop":{"background-color":"var(--ast-global-color-5)","background-image":"","background-repeat":"repeat","background-position":"center center","background-size":"auto","background-attachment":"scroll","background-type":"","background-media":"","overlay-type":"","overlay-color":"","overlay-opacity":"","overlay-gradient":""},"tablet":{"background-color":"","background-image":"","background-repeat":"repeat","background-position":"center center","background-size":"auto","background-attachment":"scroll","background-type":"","background-media":"","overlay-type":"","overlay-color":"","overlay-opacity":"","overlay-gradient":""},"mobile":{"background-color":"","background-image":"","background-repeat":"repeat","background-position":"center center","background-size":"auto","background-attachment":"scroll","background-type":"","background-media":"","overlay-type":"","overlay-color":"","overlay-opacity":"","overlay-gradient":""}},"ast-content-background-meta":{"desktop":{"background-color":"var(--ast-global-color-4)","background-image":"","background-repeat":"repeat","background-position":"center center","background-size":"auto","background-attachment":"scroll","background-type":"","background-media":"","overlay-type":"","overlay-color":"","overlay-opacity":"","overlay-gradient":""},"tablet":{"background-color":"var(--ast-global-color-4)","background-image":"","background-repeat":"repeat","background-position":"center center","background-size":"auto","background-attachment":"scroll","background-type":"","background-media":"","overlay-type":"","overlay-color":"","overlay-opacity":"","overlay-gradient":""},"mobile":{"background-color":"var(--ast-global-color-4)","background-image":"","background-repeat":"repeat","background-position":"center center","background-size":"auto","background-attachment":"scroll","background-type":"","background-media":"","overlay-type":"","overlay-color":"","overlay-opacity":"","overlay-gradient":""}},"footnotes":""},"class_list":["post-215","page","type-page","status-publish","hentry"],"_links":{"self":[{"href":"https:\/\/dsd.uem.mz\/index.php?rest_route=\/wp\/v2\/pages\/215","targetHints":{"allow":["GET"]}}],"collection":[{"href":"https:\/\/dsd.uem.mz\/index.php?rest_route=\/wp\/v2\/pages"}],"about":[{"href":"https:\/\/dsd.uem.mz\/index.php?rest_route=\/wp\/v2\/types\/page"}],"author":[{"embeddable":true,"href":"https:\/\/dsd.uem.mz\/index.php?rest_route=\/wp\/v2\/users\/1"}],"replies":[{"embeddable":true,"href":"https:\/\/dsd.uem.mz\/index.php?rest_route=%2Fwp%2Fv2%2Fcomments&post=215"}],"version-history":[{"count":0,"href":"https:\/\/dsd.uem.mz\/index.php?rest_route=\/wp\/v2\/pages\/215\/revisions"}],"wp:attachment":[{"href":"https:\/\/dsd.uem.mz\/index.php?rest_route=%2Fwp%2Fv2%2Fmedia&parent=215"}],"curies":[{"name":"wp","href":"https:\/\/api.w.org\/{rel}","templated":true}]}}