{"id":153,"date":"2024-05-04T10:38:13","date_gmt":"2024-05-04T10:38:13","guid":{"rendered":"https:\/\/dsd.ghost.uem.mz\/?page_id=153"},"modified":"2024-05-04T10:38:13","modified_gmt":"2024-05-04T10:38:13","slug":"acervo-geral","status":"publish","type":"page","link":"https:\/\/dsd.uem.mz\/?page_id=153","title":{"rendered":"Acervo Geral"},"content":{"rendered":"\t\t<div data-elementor-type=\"wp-page\" data-elementor-id=\"153\" class=\"elementor elementor-153\">\n\t\t\t\t<div class=\"elementor-element elementor-element-7c5dd02 e-flex e-con-boxed e-con e-parent\" data-id=\"7c5dd02\" data-element_type=\"container\" data-e-type=\"container\">\n\t\t\t\t\t<div class=\"e-con-inner\">\n\t\t\t\t<div class=\"elementor-element elementor-element-dc38a33 elementor-widget elementor-widget-image\" data-id=\"dc38a33\" data-element_type=\"widget\" data-e-type=\"widget\" data-widget_type=\"image.default\">\n\t\t\t\t\t\t\t\t\t\t\t\t\t\t\t<img fetchpriority=\"high\" decoding=\"async\" width=\"1024\" height=\"234\" src=\"https:\/\/dsd.uem.mz\/wp-content\/uploads\/2024\/05\/im3-scaled-1-1024x234.jpg\" class=\"attachment-large size-large wp-image-102\" alt=\"\" srcset=\"https:\/\/dsd.uem.mz\/wp-content\/uploads\/2024\/05\/im3-scaled-1-1024x234.jpg 1024w, https:\/\/dsd.uem.mz\/wp-content\/uploads\/2024\/05\/im3-scaled-1-300x68.jpg 300w, https:\/\/dsd.uem.mz\/wp-content\/uploads\/2024\/05\/im3-scaled-1-768x175.jpg 768w, https:\/\/dsd.uem.mz\/wp-content\/uploads\/2024\/05\/im3-scaled-1-1536x350.jpg 1536w, https:\/\/dsd.uem.mz\/wp-content\/uploads\/2024\/05\/im3-scaled-1-2048x467.jpg 2048w\" sizes=\"(max-width: 1024px) 100vw, 1024px\" \/>\t\t\t\t\t\t\t\t\t\t\t\t\t\t\t<\/div>\n\t\t\t\t\t<\/div>\n\t\t\t\t<\/div>\n\t\t<div class=\"elementor-element elementor-element-a95135a e-grid e-con-boxed e-con e-parent\" data-id=\"a95135a\" data-element_type=\"container\" data-e-type=\"container\">\n\t\t\t\t\t<div class=\"e-con-inner\">\n\t\t\t\t<div class=\"elementor-element elementor-element-05782ff elementor-position-top elementor-widget elementor-widget-image-box\" data-id=\"05782ff\" data-element_type=\"widget\" data-e-type=\"widget\" data-widget_type=\"image-box.default\">\n\t\t\t\t\t<div class=\"elementor-image-box-wrapper\"><figure class=\"elementor-image-box-img\"><img decoding=\"async\" width=\"2560\" height=\"1476\" src=\"https:\/\/dsd.uem.mz\/wp-content\/uploads\/2024\/05\/im2-scaled-1.jpg\" class=\"attachment-full size-full wp-image-101\" alt=\"\" srcset=\"https:\/\/dsd.uem.mz\/wp-content\/uploads\/2024\/05\/im2-scaled-1.jpg 2560w, https:\/\/dsd.uem.mz\/wp-content\/uploads\/2024\/05\/im2-scaled-1-300x173.jpg 300w, https:\/\/dsd.uem.mz\/wp-content\/uploads\/2024\/05\/im2-scaled-1-1024x590.jpg 1024w, https:\/\/dsd.uem.mz\/wp-content\/uploads\/2024\/05\/im2-scaled-1-768x443.jpg 768w, https:\/\/dsd.uem.mz\/wp-content\/uploads\/2024\/05\/im2-scaled-1-1536x886.jpg 1536w, https:\/\/dsd.uem.mz\/wp-content\/uploads\/2024\/05\/im2-scaled-1-2048x1181.jpg 2048w\" sizes=\"(max-width: 2560px) 100vw, 2560px\" \/><\/figure><div class=\"elementor-image-box-content\"><h3 class=\"elementor-image-box-title\">Classe 0<\/h3><p class=\"elementor-image-box-description\">Generalidades. Informa\u00e7\u00e3o. Inform\u00e1tica Organiza\u00e7\u00e3o. <\/p><\/div><\/div>\t\t\t\t<\/div>\n\t\t\t\t<div class=\"elementor-element elementor-element-30375a3 elementor-position-top elementor-widget elementor-widget-image-box\" data-id=\"30375a3\" data-element_type=\"widget\" data-e-type=\"widget\" data-widget_type=\"image-box.default\">\n\t\t\t\t\t<div class=\"elementor-image-box-wrapper\"><figure class=\"elementor-image-box-img\"><img decoding=\"async\" width=\"2560\" height=\"1476\" src=\"https:\/\/dsd.uem.mz\/wp-content\/uploads\/2024\/05\/im2-scaled-1.jpg\" class=\"attachment-full size-full wp-image-101\" alt=\"\" srcset=\"https:\/\/dsd.uem.mz\/wp-content\/uploads\/2024\/05\/im2-scaled-1.jpg 2560w, https:\/\/dsd.uem.mz\/wp-content\/uploads\/2024\/05\/im2-scaled-1-300x173.jpg 300w, https:\/\/dsd.uem.mz\/wp-content\/uploads\/2024\/05\/im2-scaled-1-1024x590.jpg 1024w, https:\/\/dsd.uem.mz\/wp-content\/uploads\/2024\/05\/im2-scaled-1-768x443.jpg 768w, https:\/\/dsd.uem.mz\/wp-content\/uploads\/2024\/05\/im2-scaled-1-1536x886.jpg 1536w, https:\/\/dsd.uem.mz\/wp-content\/uploads\/2024\/05\/im2-scaled-1-2048x1181.jpg 2048w\" sizes=\"(max-width: 2560px) 100vw, 2560px\" \/><\/figure><div class=\"elementor-image-box-content\"><h3 class=\"elementor-image-box-title\">Classe 1<\/h3><p class=\"elementor-image-box-description\">Filosofia. Psicologia.<\/p><\/div><\/div>\t\t\t\t<\/div>\n\t\t\t\t<div class=\"elementor-element elementor-element-bfd9fe8 elementor-position-top elementor-widget elementor-widget-image-box\" data-id=\"bfd9fe8\" data-element_type=\"widget\" data-e-type=\"widget\" data-widget_type=\"image-box.default\">\n\t\t\t\t\t<div class=\"elementor-image-box-wrapper\"><figure class=\"elementor-image-box-img\"><img decoding=\"async\" width=\"2560\" height=\"1476\" src=\"https:\/\/dsd.uem.mz\/wp-content\/uploads\/2024\/05\/im2-scaled-1.jpg\" class=\"attachment-full size-full wp-image-101\" alt=\"\" srcset=\"https:\/\/dsd.uem.mz\/wp-content\/uploads\/2024\/05\/im2-scaled-1.jpg 2560w, https:\/\/dsd.uem.mz\/wp-content\/uploads\/2024\/05\/im2-scaled-1-300x173.jpg 300w, https:\/\/dsd.uem.mz\/wp-content\/uploads\/2024\/05\/im2-scaled-1-1024x590.jpg 1024w, https:\/\/dsd.uem.mz\/wp-content\/uploads\/2024\/05\/im2-scaled-1-768x443.jpg 768w, https:\/\/dsd.uem.mz\/wp-content\/uploads\/2024\/05\/im2-scaled-1-1536x886.jpg 1536w, https:\/\/dsd.uem.mz\/wp-content\/uploads\/2024\/05\/im2-scaled-1-2048x1181.jpg 2048w\" sizes=\"(max-width: 2560px) 100vw, 2560px\" \/><\/figure><div class=\"elementor-image-box-content\"><h3 class=\"elementor-image-box-title\">Classe 2<\/h3><p class=\"elementor-image-box-description\">Religi\u00e3o. Teologia.<\/p><\/div><\/div>\t\t\t\t<\/div>\n\t\t\t\t<div class=\"elementor-element elementor-element-242e334 elementor-position-top elementor-widget elementor-widget-image-box\" data-id=\"242e334\" data-element_type=\"widget\" data-e-type=\"widget\" data-widget_type=\"image-box.default\">\n\t\t\t\t\t<div class=\"elementor-image-box-wrapper\"><figure class=\"elementor-image-box-img\"><img decoding=\"async\" width=\"2560\" height=\"1476\" src=\"https:\/\/dsd.uem.mz\/wp-content\/uploads\/2024\/05\/im2-scaled-1.jpg\" class=\"attachment-full size-full wp-image-101\" alt=\"\" srcset=\"https:\/\/dsd.uem.mz\/wp-content\/uploads\/2024\/05\/im2-scaled-1.jpg 2560w, https:\/\/dsd.uem.mz\/wp-content\/uploads\/2024\/05\/im2-scaled-1-300x173.jpg 300w, https:\/\/dsd.uem.mz\/wp-content\/uploads\/2024\/05\/im2-scaled-1-1024x590.jpg 1024w, https:\/\/dsd.uem.mz\/wp-content\/uploads\/2024\/05\/im2-scaled-1-768x443.jpg 768w, https:\/\/dsd.uem.mz\/wp-content\/uploads\/2024\/05\/im2-scaled-1-1536x886.jpg 1536w, https:\/\/dsd.uem.mz\/wp-content\/uploads\/2024\/05\/im2-scaled-1-2048x1181.jpg 2048w\" sizes=\"(max-width: 2560px) 100vw, 2560px\" \/><\/figure><div class=\"elementor-image-box-content\"><h3 class=\"elementor-image-box-title\">Classe 3<\/h3><p class=\"elementor-image-box-description\">Ci\u00eancias Sociais. Economia. Direito. Pol\u00edtica. Assist\u00eancia Social. Educa\u00e7\u00e3o.<\/p><\/div><\/div>\t\t\t\t<\/div>\n\t\t\t\t\t<\/div>\n\t\t\t\t<\/div>\n\t\t<div class=\"elementor-element elementor-element-87767b4 e-grid e-con-boxed e-con e-parent\" data-id=\"87767b4\" data-element_type=\"container\" data-e-type=\"container\">\n\t\t\t\t\t<div class=\"e-con-inner\">\n\t\t\t\t<div class=\"elementor-element elementor-element-9c14895 elementor-position-top elementor-widget elementor-widget-image-box\" data-id=\"9c14895\" data-element_type=\"widget\" data-e-type=\"widget\" data-widget_type=\"image-box.default\">\n\t\t\t\t\t<div class=\"elementor-image-box-wrapper\"><figure class=\"elementor-image-box-img\"><img decoding=\"async\" width=\"2560\" height=\"1476\" src=\"https:\/\/dsd.uem.mz\/wp-content\/uploads\/2024\/05\/im2-scaled-1.jpg\" class=\"attachment-full size-full wp-image-101\" alt=\"\" srcset=\"https:\/\/dsd.uem.mz\/wp-content\/uploads\/2024\/05\/im2-scaled-1.jpg 2560w, https:\/\/dsd.uem.mz\/wp-content\/uploads\/2024\/05\/im2-scaled-1-300x173.jpg 300w, https:\/\/dsd.uem.mz\/wp-content\/uploads\/2024\/05\/im2-scaled-1-1024x590.jpg 1024w, https:\/\/dsd.uem.mz\/wp-content\/uploads\/2024\/05\/im2-scaled-1-768x443.jpg 768w, https:\/\/dsd.uem.mz\/wp-content\/uploads\/2024\/05\/im2-scaled-1-1536x886.jpg 1536w, https:\/\/dsd.uem.mz\/wp-content\/uploads\/2024\/05\/im2-scaled-1-2048x1181.jpg 2048w\" sizes=\"(max-width: 2560px) 100vw, 2560px\" \/><\/figure><div class=\"elementor-image-box-content\"><h3 class=\"elementor-image-box-title\">Classe 5<\/h3><p class=\"elementor-image-box-description\">Matem\u00e1tica. Estat\u00edstica. F\u00edsica. Quimica. Biologia. Geologia.<\/p><\/div><\/div>\t\t\t\t<\/div>\n\t\t\t\t<div class=\"elementor-element elementor-element-9d3a3f8 elementor-position-top elementor-widget elementor-widget-image-box\" data-id=\"9d3a3f8\" data-element_type=\"widget\" data-e-type=\"widget\" data-widget_type=\"image-box.default\">\n\t\t\t\t\t<div class=\"elementor-image-box-wrapper\"><figure class=\"elementor-image-box-img\"><img decoding=\"async\" width=\"2560\" height=\"1476\" src=\"https:\/\/dsd.uem.mz\/wp-content\/uploads\/2024\/05\/im2-scaled-1.jpg\" class=\"attachment-full size-full wp-image-101\" alt=\"\" srcset=\"https:\/\/dsd.uem.mz\/wp-content\/uploads\/2024\/05\/im2-scaled-1.jpg 2560w, https:\/\/dsd.uem.mz\/wp-content\/uploads\/2024\/05\/im2-scaled-1-300x173.jpg 300w, https:\/\/dsd.uem.mz\/wp-content\/uploads\/2024\/05\/im2-scaled-1-1024x590.jpg 1024w, https:\/\/dsd.uem.mz\/wp-content\/uploads\/2024\/05\/im2-scaled-1-768x443.jpg 768w, https:\/\/dsd.uem.mz\/wp-content\/uploads\/2024\/05\/im2-scaled-1-1536x886.jpg 1536w, https:\/\/dsd.uem.mz\/wp-content\/uploads\/2024\/05\/im2-scaled-1-2048x1181.jpg 2048w\" sizes=\"(max-width: 2560px) 100vw, 2560px\" \/><\/figure><div class=\"elementor-image-box-content\"><h3 class=\"elementor-image-box-title\">Classe 6<\/h3><p class=\"elementor-image-box-description\">Medicina. Veterin\u00e1ria. Agronomia. Silvicultura. Administra\u00e7\u00e3o. Engenharias. Tecnologia.<\/p><\/div><\/div>\t\t\t\t<\/div>\n\t\t\t\t<div class=\"elementor-element elementor-element-bcef6cb elementor-position-top elementor-widget elementor-widget-image-box\" data-id=\"bcef6cb\" data-element_type=\"widget\" data-e-type=\"widget\" data-widget_type=\"image-box.default\">\n\t\t\t\t\t<div class=\"elementor-image-box-wrapper\"><figure class=\"elementor-image-box-img\"><img decoding=\"async\" width=\"2560\" height=\"1476\" src=\"https:\/\/dsd.uem.mz\/wp-content\/uploads\/2024\/05\/im2-scaled-1.jpg\" class=\"attachment-full size-full wp-image-101\" alt=\"\" srcset=\"https:\/\/dsd.uem.mz\/wp-content\/uploads\/2024\/05\/im2-scaled-1.jpg 2560w, https:\/\/dsd.uem.mz\/wp-content\/uploads\/2024\/05\/im2-scaled-1-300x173.jpg 300w, https:\/\/dsd.uem.mz\/wp-content\/uploads\/2024\/05\/im2-scaled-1-1024x590.jpg 1024w, https:\/\/dsd.uem.mz\/wp-content\/uploads\/2024\/05\/im2-scaled-1-768x443.jpg 768w, https:\/\/dsd.uem.mz\/wp-content\/uploads\/2024\/05\/im2-scaled-1-1536x886.jpg 1536w, https:\/\/dsd.uem.mz\/wp-content\/uploads\/2024\/05\/im2-scaled-1-2048x1181.jpg 2048w\" sizes=\"(max-width: 2560px) 100vw, 2560px\" \/><\/figure><div class=\"elementor-image-box-content\"><h3 class=\"elementor-image-box-title\">Classe 7<\/h3><p class=\"elementor-image-box-description\">Arquitectura. Artes. Recrea\u00e7\u00e3o. Desporto.<\/p><\/div><\/div>\t\t\t\t<\/div>\n\t\t\t\t<div class=\"elementor-element elementor-element-ce50ae5 elementor-position-top elementor-widget elementor-widget-image-box\" data-id=\"ce50ae5\" data-element_type=\"widget\" data-e-type=\"widget\" data-widget_type=\"image-box.default\">\n\t\t\t\t\t<div class=\"elementor-image-box-wrapper\"><figure class=\"elementor-image-box-img\"><img decoding=\"async\" width=\"2560\" height=\"1476\" src=\"https:\/\/dsd.uem.mz\/wp-content\/uploads\/2024\/05\/im2-scaled-1.jpg\" class=\"attachment-full size-full wp-image-101\" alt=\"\" srcset=\"https:\/\/dsd.uem.mz\/wp-content\/uploads\/2024\/05\/im2-scaled-1.jpg 2560w, https:\/\/dsd.uem.mz\/wp-content\/uploads\/2024\/05\/im2-scaled-1-300x173.jpg 300w, https:\/\/dsd.uem.mz\/wp-content\/uploads\/2024\/05\/im2-scaled-1-1024x590.jpg 1024w, https:\/\/dsd.uem.mz\/wp-content\/uploads\/2024\/05\/im2-scaled-1-768x443.jpg 768w, https:\/\/dsd.uem.mz\/wp-content\/uploads\/2024\/05\/im2-scaled-1-1536x886.jpg 1536w, https:\/\/dsd.uem.mz\/wp-content\/uploads\/2024\/05\/im2-scaled-1-2048x1181.jpg 2048w\" sizes=\"(max-width: 2560px) 100vw, 2560px\" \/><\/figure><div class=\"elementor-image-box-content\"><h3 class=\"elementor-image-box-title\">Classe 8<\/h3><p class=\"elementor-image-box-description\">Ling\u00edstica. L\u00ednguas. Literatura.<\/p><\/div><\/div>\t\t\t\t<\/div>\n\t\t\t\t\t<\/div>\n\t\t\t\t<\/div>\n\t\t<div class=\"elementor-element elementor-element-4959b71 e-grid e-con-boxed e-con e-parent\" data-id=\"4959b71\" data-element_type=\"container\" data-e-type=\"container\">\n\t\t\t\t\t<div class=\"e-con-inner\">\n\t\t\t\t<div class=\"elementor-element elementor-element-4597fa7 elementor-position-top elementor-widget elementor-widget-image-box\" data-id=\"4597fa7\" data-element_type=\"widget\" data-e-type=\"widget\" data-widget_type=\"image-box.default\">\n\t\t\t\t\t<div class=\"elementor-image-box-wrapper\"><figure class=\"elementor-image-box-img\"><img decoding=\"async\" width=\"2560\" height=\"1476\" src=\"https:\/\/dsd.uem.mz\/wp-content\/uploads\/2024\/05\/im2-scaled-1.jpg\" class=\"attachment-full size-full wp-image-101\" alt=\"\" srcset=\"https:\/\/dsd.uem.mz\/wp-content\/uploads\/2024\/05\/im2-scaled-1.jpg 2560w, https:\/\/dsd.uem.mz\/wp-content\/uploads\/2024\/05\/im2-scaled-1-300x173.jpg 300w, https:\/\/dsd.uem.mz\/wp-content\/uploads\/2024\/05\/im2-scaled-1-1024x590.jpg 1024w, https:\/\/dsd.uem.mz\/wp-content\/uploads\/2024\/05\/im2-scaled-1-768x443.jpg 768w, https:\/\/dsd.uem.mz\/wp-content\/uploads\/2024\/05\/im2-scaled-1-1536x886.jpg 1536w, https:\/\/dsd.uem.mz\/wp-content\/uploads\/2024\/05\/im2-scaled-1-2048x1181.jpg 2048w\" sizes=\"(max-width: 2560px) 100vw, 2560px\" \/><\/figure><div class=\"elementor-image-box-content\"><h3 class=\"elementor-image-box-title\">Classe 9<\/h3><p class=\"elementor-image-box-description\">Biografia. Geografia. Hist\u00f3ria<\/p><\/div><\/div>\t\t\t\t<\/div>\n\t\t\t\t<div class=\"elementor-element elementor-element-33b0ec2 elementor-widget elementor-widget-text-editor\" data-id=\"33b0ec2\" data-element_type=\"widget\" data-e-type=\"widget\" data-widget_type=\"text-editor.default\">\n\t\t\t\t\t\t\t\t\t<h2><strong><span style=\"color: #008000;\">Como localizar livros no acervo?<\/span><\/strong><\/h2><p>O acervo da BCE est\u00e1 organizado por assunto de acordo com a Classifica\u00e7\u00e3o Decimal Universal (CDU)<\/p>\t\t\t\t\t\t\t\t<\/div>\n\t\t\t\t\t<\/div>\n\t\t\t\t<\/div>\n\t\t\t\t<\/div>\n\t\t","protected":false},"excerpt":{"rendered":"<p>Classe 0 Generalidades. Informa\u00e7\u00e3o. Inform\u00e1tica Organiza\u00e7\u00e3o. Classe 1 Filosofia. Psicologia. Classe 2 Religi\u00e3o. Teologia. Classe 3 Ci\u00eancias Sociais. Economia. Direito. [&hellip;]<\/p>\n","protected":false},"author":1,"featured_media":0,"parent":0,"menu_order":0,"comment_status":"closed","ping_status":"closed","template":"","meta":{"site-sidebar-layout":"no-sidebar","site-content-layout":"","ast-site-content-layout":"full-width-container","site-content-style":"default","site-sidebar-style":"default","ast-global-header-display":"","ast-banner-title-visibility":"","ast-main-header-display":"","ast-hfb-above-header-display":"","ast-hfb-below-header-display":"","ast-hfb-mobile-header-display":"","site-post-title":"disabled","ast-breadcrumbs-content":"","ast-featured-img":"disabled","footer-sml-layout":"","ast-disable-related-posts":"","theme-transparent-header-meta":"","adv-header-id-meta":"","stick-header-meta":"","header-above-stick-meta":"","header-main-stick-meta":"","header-below-stick-meta":"","astra-migrate-meta-layouts":"default","ast-page-background-enabled":"default","ast-page-background-meta":{"desktop":{"background-color":"var(--ast-global-color-5)","background-image":"","background-repeat":"repeat","background-position":"center center","background-size":"auto","background-attachment":"scroll","background-type":"","background-media":"","overlay-type":"","overlay-color":"","overlay-opacity":"","overlay-gradient":""},"tablet":{"background-color":"","background-image":"","background-repeat":"repeat","background-position":"center center","background-size":"auto","background-attachment":"scroll","background-type":"","background-media":"","overlay-type":"","overlay-color":"","overlay-opacity":"","overlay-gradient":""},"mobile":{"background-color":"","background-image":"","background-repeat":"repeat","background-position":"center center","background-size":"auto","background-attachment":"scroll","background-type":"","background-media":"","overlay-type":"","overlay-color":"","overlay-opacity":"","overlay-gradient":""}},"ast-content-background-meta":{"desktop":{"background-color":"var(--ast-global-color-4)","background-image":"","background-repeat":"repeat","background-position":"center center","background-size":"auto","background-attachment":"scroll","background-type":"","background-media":"","overlay-type":"","overlay-color":"","overlay-opacity":"","overlay-gradient":""},"tablet":{"background-color":"var(--ast-global-color-4)","background-image":"","background-repeat":"repeat","background-position":"center center","background-size":"auto","background-attachment":"scroll","background-type":"","background-media":"","overlay-type":"","overlay-color":"","overlay-opacity":"","overlay-gradient":""},"mobile":{"background-color":"var(--ast-global-color-4)","background-image":"","background-repeat":"repeat","background-position":"center center","background-size":"auto","background-attachment":"scroll","background-type":"","background-media":"","overlay-type":"","overlay-color":"","overlay-opacity":"","overlay-gradient":""}},"footnotes":""},"class_list":["post-153","page","type-page","status-publish","hentry"],"_links":{"self":[{"href":"https:\/\/dsd.uem.mz\/index.php?rest_route=\/wp\/v2\/pages\/153","targetHints":{"allow":["GET"]}}],"collection":[{"href":"https:\/\/dsd.uem.mz\/index.php?rest_route=\/wp\/v2\/pages"}],"about":[{"href":"https:\/\/dsd.uem.mz\/index.php?rest_route=\/wp\/v2\/types\/page"}],"author":[{"embeddable":true,"href":"https:\/\/dsd.uem.mz\/index.php?rest_route=\/wp\/v2\/users\/1"}],"replies":[{"embeddable":true,"href":"https:\/\/dsd.uem.mz\/index.php?rest_route=%2Fwp%2Fv2%2Fcomments&post=153"}],"version-history":[{"count":0,"href":"https:\/\/dsd.uem.mz\/index.php?rest_route=\/wp\/v2\/pages\/153\/revisions"}],"wp:attachment":[{"href":"https:\/\/dsd.uem.mz\/index.php?rest_route=%2Fwp%2Fv2%2Fmedia&parent=153"}],"curies":[{"name":"wp","href":"https:\/\/api.w.org\/{rel}","templated":true}]}}