{"id":115,"date":"2024-05-03T14:17:26","date_gmt":"2024-05-03T14:17:26","guid":{"rendered":"https:\/\/dsd.ghost.uem.mz\/?page_id=115"},"modified":"2024-05-03T14:17:26","modified_gmt":"2024-05-03T14:17:26","slug":"estrutura-organica","status":"publish","type":"page","link":"https:\/\/dsd.uem.mz\/?page_id=115","title":{"rendered":"Estrutura org\u00e2nica"},"content":{"rendered":"\t\t<div data-elementor-type=\"wp-page\" data-elementor-id=\"115\" class=\"elementor elementor-115\">\n\t\t\t\t<div class=\"elementor-element elementor-element-cabd694 e-flex e-con-boxed e-con e-parent\" data-id=\"cabd694\" data-element_type=\"container\" data-e-type=\"container\">\n\t\t\t\t\t<div class=\"e-con-inner\">\n\t\t\t\t<div class=\"elementor-element elementor-element-47085d0 elementor-widget elementor-widget-image\" data-id=\"47085d0\" data-element_type=\"widget\" data-e-type=\"widget\" data-widget_type=\"image.default\">\n\t\t\t\t\t\t\t\t\t\t\t\t\t\t\t<img fetchpriority=\"high\" decoding=\"async\" width=\"2560\" height=\"699\" src=\"https:\/\/dsd.uem.mz\/wp-content\/uploads\/2024\/05\/20240405152425_Page_12-scaled-1.jpg\" class=\"attachment-full size-full wp-image-96\" alt=\"\" srcset=\"https:\/\/dsd.uem.mz\/wp-content\/uploads\/2024\/05\/20240405152425_Page_12-scaled-1.jpg 2560w, https:\/\/dsd.uem.mz\/wp-content\/uploads\/2024\/05\/20240405152425_Page_12-scaled-1-300x82.jpg 300w, https:\/\/dsd.uem.mz\/wp-content\/uploads\/2024\/05\/20240405152425_Page_12-scaled-1-1024x280.jpg 1024w, https:\/\/dsd.uem.mz\/wp-content\/uploads\/2024\/05\/20240405152425_Page_12-scaled-1-768x210.jpg 768w, https:\/\/dsd.uem.mz\/wp-content\/uploads\/2024\/05\/20240405152425_Page_12-scaled-1-1536x419.jpg 1536w, https:\/\/dsd.uem.mz\/wp-content\/uploads\/2024\/05\/20240405152425_Page_12-scaled-1-2048x559.jpg 2048w\" sizes=\"(max-width: 2560px) 100vw, 2560px\" \/>\t\t\t\t\t\t\t\t\t\t\t\t\t\t\t<\/div>\n\t\t\t\t\t<\/div>\n\t\t\t\t<\/div>\n\t\t<div class=\"elementor-element elementor-element-8b77a9b e-flex e-con-boxed e-con e-parent\" data-id=\"8b77a9b\" data-element_type=\"container\" data-e-type=\"container\">\n\t\t\t\t\t<div class=\"e-con-inner\">\n\t\t\t\t<div class=\"elementor-element elementor-element-5a7494a elementor-widget elementor-widget-image\" data-id=\"5a7494a\" data-element_type=\"widget\" data-e-type=\"widget\" data-widget_type=\"image.default\">\n\t\t\t\t\t\t\t\t\t\t\t\t\t\t\t<img decoding=\"async\" width=\"768\" height=\"576\" src=\"https:\/\/dsd.uem.mz\/wp-content\/uploads\/2024\/05\/Organograma_CR061114_Page_1-scaled-1-768x576.jpg\" class=\"attachment-medium_large size-medium_large wp-image-139\" alt=\"\" srcset=\"https:\/\/dsd.uem.mz\/wp-content\/uploads\/2024\/05\/Organograma_CR061114_Page_1-scaled-1-768x576.jpg 768w, https:\/\/dsd.uem.mz\/wp-content\/uploads\/2024\/05\/Organograma_CR061114_Page_1-scaled-1-300x225.jpg 300w, https:\/\/dsd.uem.mz\/wp-content\/uploads\/2024\/05\/Organograma_CR061114_Page_1-scaled-1-1024x768.jpg 1024w, https:\/\/dsd.uem.mz\/wp-content\/uploads\/2024\/05\/Organograma_CR061114_Page_1-scaled-1-1536x1152.jpg 1536w, https:\/\/dsd.uem.mz\/wp-content\/uploads\/2024\/05\/Organograma_CR061114_Page_1-scaled-1-2048x1536.jpg 2048w\" sizes=\"(max-width: 768px) 100vw, 768px\" \/>\t\t\t\t\t\t\t\t\t\t\t\t\t\t\t<\/div>\n\t\t\t\t\t<\/div>\n\t\t\t\t<\/div>\n\t\t<div class=\"elementor-element elementor-element-6163231 e-flex e-con-boxed e-con e-parent\" data-id=\"6163231\" data-element_type=\"container\" data-e-type=\"container\">\n\t\t\t\t\t<div class=\"e-con-inner\">\n\t\t<div class=\"elementor-element elementor-element-3cfc364 e-con-full e-flex e-con e-child\" data-id=\"3cfc364\" data-element_type=\"container\" data-e-type=\"container\">\n\t\t\t\t<div class=\"elementor-element elementor-element-a28942d elementor-widget elementor-widget-image\" data-id=\"a28942d\" data-element_type=\"widget\" data-e-type=\"widget\" data-widget_type=\"image.default\">\n\t\t\t\t\t\t\t\t\t\t\t\t\t\t\t<img decoding=\"async\" width=\"300\" height=\"187\" src=\"https:\/\/dsd.uem.mz\/wp-content\/uploads\/2024\/05\/im4-scaled-1-300x187.jpg\" class=\"attachment-medium size-medium wp-image-103\" alt=\"\" srcset=\"https:\/\/dsd.uem.mz\/wp-content\/uploads\/2024\/05\/im4-scaled-1-300x187.jpg 300w, https:\/\/dsd.uem.mz\/wp-content\/uploads\/2024\/05\/im4-scaled-1-1024x637.jpg 1024w, https:\/\/dsd.uem.mz\/wp-content\/uploads\/2024\/05\/im4-scaled-1-768x478.jpg 768w, https:\/\/dsd.uem.mz\/wp-content\/uploads\/2024\/05\/im4-scaled-1-1536x956.jpg 1536w, https:\/\/dsd.uem.mz\/wp-content\/uploads\/2024\/05\/im4-scaled-1-2048x1274.jpg 2048w\" sizes=\"(max-width: 300px) 100vw, 300px\" \/>\t\t\t\t\t\t\t\t\t\t\t\t\t\t\t<\/div>\n\t\t\t\t<\/div>\n\t\t<div class=\"elementor-element elementor-element-d616ef1 e-con-full e-flex e-con e-child\" data-id=\"d616ef1\" data-element_type=\"container\" data-e-type=\"container\">\n\t\t\t\t<div class=\"elementor-element elementor-element-be5e58f elementor-widget elementor-widget-heading\" data-id=\"be5e58f\" data-element_type=\"widget\" data-e-type=\"widget\" data-widget_type=\"heading.default\">\n\t\t\t\t\t<h2 class=\"elementor-heading-title elementor-size-default\">Departamento de Administra\u00e7\u00e3o e Finan\u00e7as<\/h2>\t\t\t\t<\/div>\n\t\t\t\t<div class=\"elementor-element elementor-element-2d26489 elementor-widget elementor-widget-text-editor\" data-id=\"2d26489\" data-element_type=\"widget\" data-e-type=\"widget\" data-widget_type=\"text-editor.default\">\n\t\t\t\t\t\t\t\t\t<p><strong>Fun\u00e7\u00f5es:<\/strong><\/p><ol><li>Coordenar todas as actividades gerais e espec\u00edficas da Direc\u00e7\u00e3o dos Servi\u00e7os de Documenta\u00e7\u00e3o e do Sistema Integrado de Bibliotecas da UEM;<\/li><li>Assessorar t\u00e9cnica e administrativa a Direc\u00e7\u00e3o;<\/li><li>Elaborar estudos e pareceres de apoio \u00e0 tomada de decis\u00e3o;<\/li><li>Elaborar os planos e relat\u00f3rios de actividades da Direc\u00e7\u00e3o dos Servi\u00e7os de Documenta\u00e7\u00e3o e do Sistema Integrado de Bibliotecas da UEM;<\/li><li>Monitorar o cumprimento do plano de actividades da Direc\u00e7\u00e3o dos Servi\u00e7os de Documenta\u00e7\u00e3o e do Sistema Integrado de Bibliotecas da UEM;<\/li><li>Controlar os processos de gest\u00e3o de recursos humanos, financeiros e patrimonial;<\/li><li>Garantir o bom ambiente laboral e o funcionamento das actividades planificadas;<\/li><li>Participar na planifica\u00e7\u00e3o e aloca\u00e7\u00e3oo de recursos para aquisi\u00e7\u00e3o bibliogr\u00e1fica;<\/li><li>Coordenar as actividades dos sectores a ele subordinados;<\/li><li>Coordenar o processo de forma\u00e7\u00e3o dos funcion\u00e1rios da Direc\u00e7\u00e3o dos Servi\u00e7os de Documenta\u00e7\u00e3o e do Sistema Integrado de Bibliotecas da UEM;<\/li><li>Coordenar as actividade de manuten\u00e7\u00e3o da planta f\u00edsica do Edificio da Biblioteca Central Braz\u00e3o Mazula;<\/li><li>Coordenar as actividades de inventaria\u00e7\u00e3o do patrim\u00f3nio da Direc\u00e7\u00e3o dos Servi\u00e7os de Documenta\u00e7\u00e3o e do Sistema Integrado de Bibliotecas da UEM;<\/li><li>Colaborar na elabora\u00e7\u00e3o de propostas de projectos para capta\u00e7\u00e3o de recursos junto \u00e0s ag\u00eancias de fomento ou a outros \u00f3rg\u00e3os;<\/li><li>Executar outras actividades afins.<\/li><\/ol>\t\t\t\t\t\t\t\t<\/div>\n\t\t\t\t<\/div>\n\t\t\t\t\t<\/div>\n\t\t\t\t<\/div>\n\t\t\t\t<\/div>\n\t\t","protected":false},"excerpt":{"rendered":"<p>Departamento de Administra\u00e7\u00e3o e Finan\u00e7as Fun\u00e7\u00f5es: Coordenar todas as actividades gerais e espec\u00edficas da Direc\u00e7\u00e3o dos Servi\u00e7os de Documenta\u00e7\u00e3o e [&hellip;]<\/p>\n","protected":false},"author":1,"featured_media":0,"parent":0,"menu_order":0,"comment_status":"closed","ping_status":"closed","template":"","meta":{"site-sidebar-layout":"no-sidebar","site-content-layout":"","ast-site-content-layout":"full-width-container","site-content-style":"default","site-sidebar-style":"default","ast-global-header-display":"","ast-banner-title-visibility":"","ast-main-header-display":"","ast-hfb-above-header-display":"","ast-hfb-below-header-display":"","ast-hfb-mobile-header-display":"","site-post-title":"disabled","ast-breadcrumbs-content":"","ast-featured-img":"disabled","footer-sml-layout":"","ast-disable-related-posts":"","theme-transparent-header-meta":"","adv-header-id-meta":"","stick-header-meta":"","header-above-stick-meta":"","header-main-stick-meta":"","header-below-stick-meta":"","astra-migrate-meta-layouts":"default","ast-page-background-enabled":"default","ast-page-background-meta":{"desktop":{"background-color":"var(--ast-global-color-5)","background-image":"","background-repeat":"repeat","background-position":"center center","background-size":"auto","background-attachment":"scroll","background-type":"","background-media":"","overlay-type":"","overlay-color":"","overlay-opacity":"","overlay-gradient":""},"tablet":{"background-color":"","background-image":"","background-repeat":"repeat","background-position":"center center","background-size":"auto","background-attachment":"scroll","background-type":"","background-media":"","overlay-type":"","overlay-color":"","overlay-opacity":"","overlay-gradient":""},"mobile":{"background-color":"","background-image":"","background-repeat":"repeat","background-position":"center center","background-size":"auto","background-attachment":"scroll","background-type":"","background-media":"","overlay-type":"","overlay-color":"","overlay-opacity":"","overlay-gradient":""}},"ast-content-background-meta":{"desktop":{"background-color":"var(--ast-global-color-4)","background-image":"","background-repeat":"repeat","background-position":"center center","background-size":"auto","background-attachment":"scroll","background-type":"","background-media":"","overlay-type":"","overlay-color":"","overlay-opacity":"","overlay-gradient":""},"tablet":{"background-color":"var(--ast-global-color-4)","background-image":"","background-repeat":"repeat","background-position":"center center","background-size":"auto","background-attachment":"scroll","background-type":"","background-media":"","overlay-type":"","overlay-color":"","overlay-opacity":"","overlay-gradient":""},"mobile":{"background-color":"var(--ast-global-color-4)","background-image":"","background-repeat":"repeat","background-position":"center center","background-size":"auto","background-attachment":"scroll","background-type":"","background-media":"","overlay-type":"","overlay-color":"","overlay-opacity":"","overlay-gradient":""}},"footnotes":""},"class_list":["post-115","page","type-page","status-publish","hentry"],"_links":{"self":[{"href":"https:\/\/dsd.uem.mz\/index.php?rest_route=\/wp\/v2\/pages\/115","targetHints":{"allow":["GET"]}}],"collection":[{"href":"https:\/\/dsd.uem.mz\/index.php?rest_route=\/wp\/v2\/pages"}],"about":[{"href":"https:\/\/dsd.uem.mz\/index.php?rest_route=\/wp\/v2\/types\/page"}],"author":[{"embeddable":true,"href":"https:\/\/dsd.uem.mz\/index.php?rest_route=\/wp\/v2\/users\/1"}],"replies":[{"embeddable":true,"href":"https:\/\/dsd.uem.mz\/index.php?rest_route=%2Fwp%2Fv2%2Fcomments&post=115"}],"version-history":[{"count":0,"href":"https:\/\/dsd.uem.mz\/index.php?rest_route=\/wp\/v2\/pages\/115\/revisions"}],"wp:attachment":[{"href":"https:\/\/dsd.uem.mz\/index.php?rest_route=%2Fwp%2Fv2%2Fmedia&parent=115"}],"curies":[{"name":"wp","href":"https:\/\/api.w.org\/{rel}","templated":true}]}}