{"id":107,"date":"2024-05-03T13:59:18","date_gmt":"2024-05-03T13:59:18","guid":{"rendered":"https:\/\/dsd.ghost.uem.mz\/?page_id=107"},"modified":"2024-05-03T13:59:18","modified_gmt":"2024-05-03T13:59:18","slug":"historia-da-dsd","status":"publish","type":"page","link":"https:\/\/dsd.uem.mz\/?page_id=107","title":{"rendered":"Hist\u00f3ria da DSD"},"content":{"rendered":"\t\t<div data-elementor-type=\"wp-page\" data-elementor-id=\"107\" class=\"elementor elementor-107\">\n\t\t\t\t<div class=\"elementor-element elementor-element-c32a29c e-flex e-con-boxed e-con e-parent\" data-id=\"c32a29c\" data-element_type=\"container\" data-e-type=\"container\">\n\t\t\t\t\t<div class=\"e-con-inner\">\n\t\t\t\t<div class=\"elementor-element elementor-element-dc3bca3 elementor-widget elementor-widget-image\" data-id=\"dc3bca3\" data-element_type=\"widget\" data-e-type=\"widget\" data-widget_type=\"image.default\">\n\t\t\t\t\t\t\t\t\t\t\t\t\t\t\t<img fetchpriority=\"high\" decoding=\"async\" width=\"2560\" height=\"699\" src=\"https:\/\/dsd.uem.mz\/wp-content\/uploads\/2024\/05\/20240405152425_Page_12-scaled-1.jpg\" class=\"attachment-full size-full wp-image-96\" alt=\"\" srcset=\"https:\/\/dsd.uem.mz\/wp-content\/uploads\/2024\/05\/20240405152425_Page_12-scaled-1.jpg 2560w, https:\/\/dsd.uem.mz\/wp-content\/uploads\/2024\/05\/20240405152425_Page_12-scaled-1-300x82.jpg 300w, https:\/\/dsd.uem.mz\/wp-content\/uploads\/2024\/05\/20240405152425_Page_12-scaled-1-1024x280.jpg 1024w, https:\/\/dsd.uem.mz\/wp-content\/uploads\/2024\/05\/20240405152425_Page_12-scaled-1-768x210.jpg 768w, https:\/\/dsd.uem.mz\/wp-content\/uploads\/2024\/05\/20240405152425_Page_12-scaled-1-1536x419.jpg 1536w, https:\/\/dsd.uem.mz\/wp-content\/uploads\/2024\/05\/20240405152425_Page_12-scaled-1-2048x559.jpg 2048w\" sizes=\"(max-width: 2560px) 100vw, 2560px\" \/>\t\t\t\t\t\t\t\t\t\t\t\t\t\t\t<\/div>\n\t\t\t\t\t<\/div>\n\t\t\t\t<\/div>\n\t\t<div class=\"elementor-element elementor-element-9c5cd4b e-flex e-con-boxed e-con e-parent\" data-id=\"9c5cd4b\" data-element_type=\"container\" data-e-type=\"container\">\n\t\t\t\t\t<div class=\"e-con-inner\">\n\t\t<div class=\"elementor-element elementor-element-e53a4cf e-con-full e-flex e-con e-child\" data-id=\"e53a4cf\" data-element_type=\"container\" data-e-type=\"container\">\n\t\t\t\t<div class=\"elementor-element elementor-element-f066108 ekit-equal-height-disable elementor-widget elementor-widget-elementskit-icon-box\" data-id=\"f066108\" data-element_type=\"widget\" data-e-type=\"widget\" data-widget_type=\"elementskit-icon-box.default\">\n\t\t\t\t\t<div class=\"ekit-wid-con\" >        <!-- link opening -->\n                <a href=\"#\" class=\"ekit_global_links\">\n                <!-- end link opening -->\n\n        <div class=\"elementskit-infobox text-center text- icon-top-align elementor-animation-   \">\n                    <div class=\"elementskit-box-header elementor-animation-\">\n                <div class=\"elementskit-info-box-icon  \">\n                    <i aria-hidden=\"true\" class=\"elementkit-infobox-icon icon icon-review\"><\/i>\n                <\/div>\n          <\/div>\n                        <div class=\"box-body\">\n                        \t\t  \t<p>Mural de Directoras e Directores da DSD<\/p>\n                                <\/div>\n        \n        \n                <\/div>\n                <\/a>\n        <\/div>\t\t\t\t<\/div>\n\t\t\t\t<\/div>\n\t\t<div class=\"elementor-element elementor-element-298168a e-con-full e-flex e-con e-child\" data-id=\"298168a\" data-element_type=\"container\" data-e-type=\"container\">\n\t\t\t\t<div class=\"elementor-element elementor-element-b55fbcd ekit-equal-height-disable elementor-widget elementor-widget-elementskit-icon-box\" data-id=\"b55fbcd\" data-element_type=\"widget\" data-e-type=\"widget\" data-widget_type=\"elementskit-icon-box.default\">\n\t\t\t\t\t<div class=\"ekit-wid-con\" >        <!-- link opening -->\n                <a href=\"#\" class=\"ekit_global_links\">\n                <!-- end link opening -->\n\n        <div class=\"elementskit-infobox text-center text- icon-top-align elementor-animation-   \">\n                    <div class=\"elementskit-box-header elementor-animation-\">\n                <div class=\"elementskit-info-box-icon  \">\n                    <i aria-hidden=\"true\" class=\"elementkit-infobox-icon icon icon-team\"><\/i>\n                <\/div>\n          <\/div>\n                        <div class=\"box-body\">\n                        \t\t  \t<p>Conhe\u00e7a os Respons\u00e1veis das Bibliotecas Sectorias<\/p>\n                                <\/div>\n        \n        \n                <\/div>\n                <\/a>\n        <\/div>\t\t\t\t<\/div>\n\t\t\t\t<\/div>\n\t\t<div class=\"elementor-element elementor-element-b6ede6f e-con-full e-flex e-con e-child\" data-id=\"b6ede6f\" data-element_type=\"container\" data-e-type=\"container\">\n\t\t\t\t<div class=\"elementor-element elementor-element-d46bd6c ekit-equal-height-disable elementor-widget elementor-widget-elementskit-icon-box\" data-id=\"d46bd6c\" data-element_type=\"widget\" data-e-type=\"widget\" data-widget_type=\"elementskit-icon-box.default\">\n\t\t\t\t\t<div class=\"ekit-wid-con\" >        <!-- link opening -->\n                <a href=\"#\" class=\"ekit_global_links\">\n                <!-- end link opening -->\n\n        <div class=\"elementskit-infobox text-center text- icon-top-align elementor-animation-   \">\n                    <div class=\"elementskit-box-header elementor-animation-\">\n                <div class=\"elementskit-info-box-icon  \">\n                    <i aria-hidden=\"true\" class=\"elementkit-infobox-icon icon icon-carousel\"><\/i>\n                <\/div>\n          <\/div>\n                        <div class=\"box-body\">\n                        \t\t  \t<p>Navegue pelas Fotos de Momentos Hist\u00f3ricos da BCE<\/p>\n                                <\/div>\n        \n        \n                <\/div>\n                <\/a>\n        <\/div>\t\t\t\t<\/div>\n\t\t\t\t<\/div>\n\t\t<div class=\"elementor-element elementor-element-8ce6262 e-con-full e-flex e-con e-child\" data-id=\"8ce6262\" data-element_type=\"container\" data-e-type=\"container\">\n\t\t\t\t<div class=\"elementor-element elementor-element-9ed146e ekit-equal-height-disable elementor-widget elementor-widget-elementskit-icon-box\" data-id=\"9ed146e\" data-element_type=\"widget\" data-e-type=\"widget\" data-widget_type=\"elementskit-icon-box.default\">\n\t\t\t\t\t<div class=\"ekit-wid-con\" >        <!-- link opening -->\n                <a href=\"#\" class=\"ekit_global_links\">\n                <!-- end link opening -->\n\n        <div class=\"elementskit-infobox text-center text- icon-top-align elementor-animation-   \">\n                    <div class=\"elementskit-box-header elementor-animation-\">\n                <div class=\"elementskit-info-box-icon  \">\n                    <i aria-hidden=\"true\" class=\"elementkit-infobox-icon icon icon-bank1\"><\/i>\n                <\/div>\n          <\/div>\n                        <div class=\"box-body\">\n                        \t\t  \t<p>Conhe\u00e7a o Projecto de Constru\u00e7\u00e3o da BCE<\/p>\n                                <\/div>\n        \n        \n                <\/div>\n                <\/a>\n        <\/div>\t\t\t\t<\/div>\n\t\t\t\t<\/div>\n\t\t\t\t\t<\/div>\n\t\t\t\t<\/div>\n\t\t<div class=\"elementor-element elementor-element-8adfc01 e-flex e-con-boxed e-con e-parent\" data-id=\"8adfc01\" data-element_type=\"container\" data-e-type=\"container\">\n\t\t\t\t\t<div class=\"e-con-inner\">\n\t\t\t\t<div class=\"elementor-element elementor-element-7ef088d elementor-position-left elementor-vertical-align-top elementor-widget elementor-widget-image-box\" data-id=\"7ef088d\" data-element_type=\"widget\" data-e-type=\"widget\" data-widget_type=\"image-box.default\">\n\t\t\t\t\t<div class=\"elementor-image-box-wrapper\"><figure class=\"elementor-image-box-img\"><img decoding=\"async\" width=\"2560\" height=\"1593\" src=\"https:\/\/dsd.uem.mz\/wp-content\/uploads\/2024\/05\/im4-scaled-1.jpg\" class=\"attachment-full size-full wp-image-103\" alt=\"\" srcset=\"https:\/\/dsd.uem.mz\/wp-content\/uploads\/2024\/05\/im4-scaled-1.jpg 2560w, https:\/\/dsd.uem.mz\/wp-content\/uploads\/2024\/05\/im4-scaled-1-300x187.jpg 300w, https:\/\/dsd.uem.mz\/wp-content\/uploads\/2024\/05\/im4-scaled-1-1024x637.jpg 1024w, https:\/\/dsd.uem.mz\/wp-content\/uploads\/2024\/05\/im4-scaled-1-768x478.jpg 768w, https:\/\/dsd.uem.mz\/wp-content\/uploads\/2024\/05\/im4-scaled-1-1536x956.jpg 1536w, https:\/\/dsd.uem.mz\/wp-content\/uploads\/2024\/05\/im4-scaled-1-2048x1274.jpg 2048w\" sizes=\"(max-width: 2560px) 100vw, 2560px\" \/><\/figure><div class=\"elementor-image-box-content\"><h3 class=\"elementor-image-box-title\">A Direc\u00e7\u00e3o dos Servi\u00e7os de Documenta\u00e7\u00e3o<\/h3><p class=\"elementor-image-box-description\">A Direc\u00e7\u00e3o dos Servi\u00e7os de Documenta\u00e7\u00e3o (DSD) \u00e9 o \u00f3rg\u00e3o coordenador do Sistema de Bibliotecas da Universidade Eduardo Mondlane (UEM), criada em 1979, a ent\u00e3o Divis\u00e3o de Documenta\u00e7\u00e3o, com fun\u00e7\u00f5es b\u00e1sicas de centralizar a aquisi\u00e7\u00e3o do material bibliogr\u00e1fico e n\u00e3o bibliogr\u00e1fico, centralizar a cataloga\u00e7\u00e3o, organizar o cat\u00e1logo colectivo e coordenar e apoiar a busca de solu\u00e7\u00f5es relativas ao pessoal do sistema.\n<\/p><\/div><\/div>\t\t\t\t<\/div>\n\t\t\t\t\t<\/div>\n\t\t\t\t<\/div>\n\t\t\t\t<\/div>\n\t\t","protected":false},"excerpt":{"rendered":"<p>Mural de Directoras e Directores da DSD Conhe\u00e7a os Respons\u00e1veis das Bibliotecas Sectorias Navegue pelas Fotos de Momentos Hist\u00f3ricos da [&hellip;]<\/p>\n","protected":false},"author":1,"featured_media":0,"parent":0,"menu_order":0,"comment_status":"closed","ping_status":"closed","template":"","meta":{"site-sidebar-layout":"no-sidebar","site-content-layout":"","ast-site-content-layout":"full-width-container","site-content-style":"default","site-sidebar-style":"default","ast-global-header-display":"","ast-banner-title-visibility":"","ast-main-header-display":"","ast-hfb-above-header-display":"","ast-hfb-below-header-display":"","ast-hfb-mobile-header-display":"","site-post-title":"disabled","ast-breadcrumbs-content":"","ast-featured-img":"disabled","footer-sml-layout":"","ast-disable-related-posts":"","theme-transparent-header-meta":"","adv-header-id-meta":"","stick-header-meta":"","header-above-stick-meta":"","header-main-stick-meta":"","header-below-stick-meta":"","astra-migrate-meta-layouts":"default","ast-page-background-enabled":"default","ast-page-background-meta":{"desktop":{"background-color":"var(--ast-global-color-5)","background-image":"","background-repeat":"repeat","background-position":"center center","background-size":"auto","background-attachment":"scroll","background-type":"","background-media":"","overlay-type":"","overlay-color":"","overlay-opacity":"","overlay-gradient":""},"tablet":{"background-color":"","background-image":"","background-repeat":"repeat","background-position":"center center","background-size":"auto","background-attachment":"scroll","background-type":"","background-media":"","overlay-type":"","overlay-color":"","overlay-opacity":"","overlay-gradient":""},"mobile":{"background-color":"","background-image":"","background-repeat":"repeat","background-position":"center center","background-size":"auto","background-attachment":"scroll","background-type":"","background-media":"","overlay-type":"","overlay-color":"","overlay-opacity":"","overlay-gradient":""}},"ast-content-background-meta":{"desktop":{"background-color":"var(--ast-global-color-4)","background-image":"","background-repeat":"repeat","background-position":"center center","background-size":"auto","background-attachment":"scroll","background-type":"","background-media":"","overlay-type":"","overlay-color":"","overlay-opacity":"","overlay-gradient":""},"tablet":{"background-color":"var(--ast-global-color-4)","background-image":"","background-repeat":"repeat","background-position":"center center","background-size":"auto","background-attachment":"scroll","background-type":"","background-media":"","overlay-type":"","overlay-color":"","overlay-opacity":"","overlay-gradient":""},"mobile":{"background-color":"var(--ast-global-color-4)","background-image":"","background-repeat":"repeat","background-position":"center center","background-size":"auto","background-attachment":"scroll","background-type":"","background-media":"","overlay-type":"","overlay-color":"","overlay-opacity":"","overlay-gradient":""}},"footnotes":""},"class_list":["post-107","page","type-page","status-publish","hentry"],"_links":{"self":[{"href":"https:\/\/dsd.uem.mz\/index.php?rest_route=\/wp\/v2\/pages\/107","targetHints":{"allow":["GET"]}}],"collection":[{"href":"https:\/\/dsd.uem.mz\/index.php?rest_route=\/wp\/v2\/pages"}],"about":[{"href":"https:\/\/dsd.uem.mz\/index.php?rest_route=\/wp\/v2\/types\/page"}],"author":[{"embeddable":true,"href":"https:\/\/dsd.uem.mz\/index.php?rest_route=\/wp\/v2\/users\/1"}],"replies":[{"embeddable":true,"href":"https:\/\/dsd.uem.mz\/index.php?rest_route=%2Fwp%2Fv2%2Fcomments&post=107"}],"version-history":[{"count":0,"href":"https:\/\/dsd.uem.mz\/index.php?rest_route=\/wp\/v2\/pages\/107\/revisions"}],"wp:attachment":[{"href":"https:\/\/dsd.uem.mz\/index.php?rest_route=%2Fwp%2Fv2%2Fmedia&parent=107"}],"curies":[{"name":"wp","href":"https:\/\/api.w.org\/{rel}","templated":true}]}}